{"id":127,"date":"2024-01-23T10:49:51","date_gmt":"2024-01-23T10:49:51","guid":{"rendered":"https:\/\/narreiv.usal.es\/?page_id=127"},"modified":"2024-12-10T08:56:26","modified_gmt":"2024-12-10T08:56:26","slug":"grabaciones","status":"publish","type":"page","link":"https:\/\/narreiv.usal.es\/en\/grabaciones\/","title":{"rendered":"Recordings"},"content":{"rendered":"<p style=\"text-align: center;\"><em><span style=\"font-family: georgia, palatino, serif; font-size: large;\">Seminar recordings are available in <span style=\"text-decoration: underline;\"><span style=\"color: #800080; text-decoration: underline;\"><a style=\"color: #800080; text-decoration: underline;\" href=\"https:\/\/www.youtube.com\/@iLAC_usal\">our Youtube Channel<\/a> <\/span><\/span>(link below):<\/span><\/em><\/p>\n<p style=\"text-align: center;\"><iframe loading=\"lazy\" src=\"\/\/www.youtube.com\/embed\/SeOkcm_Rf8s?list=PL3sOYy9FBLXf21bs7Eex4XcYch3ppnJLS&amp;index=1\" width=\"560\" height=\"314\" allowfullscreen=\"allowfullscreen\" data-mce-fragment=\"1\"><\/iframe><\/p>\n<p><span style=\"font-family: georgia, palatino, serif;\">Panel 1: Historia de la lucha por la igualdad: el largo siglo XIX y las narrativas de la Nueva Mujer, en el Seminario &#8220;Narrar para reivindicar: Genealog\u00edas literarias en femenino ante un mundo en crisis&#8221; (11-12 abril 2024), con Isabel Gonz\u00e1lez D\u00edaz, Laura Monr\u00f3s-Gaspar y Sarai Ramos Cendres, Juan Pedro Mart\u00edn Villarreal y Clara Contreras Ameduri. Modera Celia Cores Antepazo.<\/span><\/p>\n<p style=\"text-align: center;\"><iframe loading=\"lazy\" src=\"\/\/www.youtube.com\/embed\/tv_8KiIJlzY?list=PL3sOYy9FBLXf21bs7Eex4XcYch3ppnJLS&amp;index=2\" width=\"560\" height=\"314\" allowfullscreen=\"allowfullscreen\" data-mce-fragment=\"1\"><\/iframe><\/p>\n<p><span style=\"font-family: georgia, palatino, serif;\">Plenaria 1: Rosario Arias. &#8220;Ellas narran (e ilustran) para reivindicar: mujeres y bot\u00e1nica en la literatura y cultura (neo)victoriana&#8221;, en el Seminario &#8220;Narrar para reivindicar: Genealog\u00edas literarias en femenino ante un mundo en crisis&#8221; (11-12 abril 2024). Modera Miriam Borham Puyal.<\/span><\/p>\n<p style=\"text-align: center;\"><iframe loading=\"lazy\" src=\"\/\/www.youtube.com\/embed\/g3C_hPtkcOA?list=PL3sOYy9FBLXf21bs7Eex4XcYch3ppnJLS&amp;index=3\" width=\"560\" height=\"314\" allowfullscreen=\"allowfullscreen\" data-mce-fragment=\"1\"><\/iframe><\/p>\n<p><span style=\"font-family: georgia, palatino, serif;\">Panel 2: (Re)Visitando las crisis que nos crearon: Re-escrituras contempor\u00e1neas con voz de mujer, en el Seminario &#8220;Narrar para reivindicar: Genealog\u00edas literarias en femenino ante un mundo en crisis&#8221; (11-12 abril 2024), con Marta Bernab\u00e9u Lorenzo, Ana Tejero Mar\u00edn, Andrea Guti\u00e9rrez Ricondo y GIR Escritoras y personajes femeninos. Modera Alejandro S\u00e1nchez Cabrera.<\/span><\/p>\n<p style=\"text-align: center;\"><iframe loading=\"lazy\" src=\"\/\/www.youtube.com\/embed\/x8nl5mnMNNE?list=PL3sOYy9FBLXf21bs7Eex4XcYch3ppnJLS&amp;index=4\" width=\"560\" height=\"314\" allowfullscreen=\"allowfullscreen\" data-mce-fragment=\"1\"><\/iframe><\/p>\n<p><span style=\"font-family: georgia, palatino, serif;\">Plenaria 2: Rosie Garland. &#8220;Out of the margins and reclaiming centre stage: the power of historical fiction &amp; the rewriting of myth to give voice to the voiceless&#8221;, en el Seminario &#8220;Narrar para reivindicar: Genealog\u00edas literarias en femenino ante un mundo en crisis&#8221; (11-12 abril 2024). Modera Marta Bernab\u00e9u.<\/span><\/p>\n<p style=\"text-align: center;\"><iframe loading=\"lazy\" src=\"\/\/www.youtube.com\/embed\/ladY3jeRBkg?list=PL3sOYy9FBLXf21bs7Eex4XcYch3ppnJLS&amp;index=5\" width=\"560\" height=\"314\" allowfullscreen=\"allowfullscreen\" data-mce-fragment=\"1\"><\/iframe><\/p>\n<p><span style=\"font-family: georgia, palatino, serif;\">Ana M\u00aa Fraile Marcos entrevista a Katherena Vermette.<\/span><\/p>\n<p style=\"text-align: center;\"><iframe loading=\"lazy\" src=\"\/\/www.youtube.com\/embed\/NRvje0I2bq4?list=PL3sOYy9FBLXf21bs7Eex4XcYch3ppnJLS&amp;index=6\" width=\"560\" height=\"314\" allowfullscreen=\"allowfullscreen\" data-mce-fragment=\"1\"><\/iframe><\/p>\n<p><span style=\"font-family: georgia, palatino, serif;\">Presentaci\u00f3n de la asociaci\u00f3n A21<\/span><\/p>\n<p style=\"text-align: center;\"><iframe loading=\"lazy\" src=\"\/\/www.youtube.com\/embed\/YaLohEmpb2s?list=PL3sOYy9FBLXf21bs7Eex4XcYch3ppnJLS&amp;index=7\" width=\"560\" height=\"314\" allowfullscreen=\"allowfullscreen\" data-mce-fragment=\"1\"><\/iframe><\/p>\n<p><span style=\"font-family: georgia, palatino, serif;\">Panel 3: Narrar la resiliencia: la mirada femenina sobre las crisis, en el Seminario &#8220;Narrar para reivindicar: Genealog\u00edas literarias en femenino ante un mundo en crisis&#8221; (11-12 abril 2024), con Celia Cores Antepazo y Daniel Escandell Montiel. Modera Ana Tejero Mar\u00edn.<\/span><\/p>\n<p style=\"text-align: center;\"><iframe loading=\"lazy\" src=\"\/\/www.youtube.com\/embed\/HjKlMjEBTBE?list=PL3sOYy9FBLXf21bs7Eex4XcYch3ppnJLS&amp;index=9\" width=\"560\" height=\"314\" allowfullscreen=\"allowfullscreen\" data-mce-fragment=\"1\"><\/iframe><\/p>\n<p><span style=\"font-family: georgia, palatino, serif;\">Panel 4: Poner voz a lo innombrable: las mujeres narran el trauma, en el Seminario &#8220;Narrar para reivindicar: Genealog\u00edas literarias en femenino ante un mundo en crisis&#8221; (11-12 abril 2024), con Alejandro S\u00e1nchez Cabrera, Sara Casco Sol\u00eds y Mar\u00eda Jennifer Est\u00e9vez Yanes. Modera Andrea Guti\u00e9rrez Ricondo.<\/span><\/p>\n<p style=\"text-align: center;\"><iframe loading=\"lazy\" src=\"\/\/www.youtube.com\/embed\/9P9ma-KzEiI?list=PL3sOYy9FBLXf21bs7Eex4XcYch3ppnJLS&amp;index=10\" width=\"560\" height=\"314\" allowfullscreen=\"allowfullscreen\" data-mce-fragment=\"1\"><\/iframe><\/p>\n<p><span style=\"font-family: georgia, palatino, serif;\">Plenaria 4: Marta Sanz. &#8220;Lectura de una obra en marcha: vivir mientras se escribe (y viceversa)&#8221;, en el Seminario &#8220;Narrar para reivindicar: Genealog\u00edas literarias en femenino ante un mundo en crisis&#8221; (11-12 abril 2024). Modera Paula Barba Guerrero.<\/span><\/p>\n<p style=\"text-align: center;\"><iframe loading=\"lazy\" src=\"\/\/www.youtube.com\/embed\/O06afH49KaE?list=PL3sOYy9FBLXf21bs7Eex4XcYch3ppnJLS&amp;index=11\" width=\"560\" height=\"314\" allowfullscreen=\"allowfullscreen\" data-mce-fragment=\"1\"><\/iframe><\/p>\n<p><span style=\"font-family: georgia, palatino, serif;\">Plenaria 5: Viorica Patea. &#8220;Una aureola po\u00e9tica: de Ant\u00edgona a Juana de Arco&#8221;, en el Seminario &#8220;Narrar para reivindicar: Genealog\u00edas literarias en femenino ante un mundo en crisis&#8221; (11-12 abril 2024). Moderan Miriam Borham Puyal y Alejandro S\u00e1nchez Cabrera.<\/span><\/p>\n<p style=\"text-align: center;\"><iframe loading=\"lazy\" src=\"\/\/www.youtube.com\/embed\/5BdnbKDQWZY?list=PL3sOYy9FBLXf21bs7Eex4XcYch3ppnJLS&amp;index=12\" width=\"560\" height=\"314\" allowfullscreen=\"allowfullscreen\" data-mce-fragment=\"1\"><\/iframe><\/p>\n<p><span style=\"font-family: georgia, palatino, serif;\">Presentaci\u00f3n de Marta Sanz en la librer\u00eda Letras Corsarias: &#8220;Derivas en la escritura: Marta Sanz&#8221;, como parte del Seminario &#8220;Narrar para reivindicar: Genealog\u00edas literarias en femenino ante un mundo en crisis&#8221; (11-12 abril 2024). Moderan Miriam Borham Puyal y Paula Barba Guerrero.<\/span><\/p>\n<p>&nbsp;","protected":false},"excerpt":{"rendered":"<p>Seminar recordings are available in our Youtube Channel (link below): Panel 1: Historia de la lucha por la igualdad: el largo siglo XIX y las narrativas de la Nueva Mujer, en el Seminario &#8220;Narrar para reivindicar: Genealog\u00edas literarias en femenino &hellip; <a href=\"https:\/\/narreiv.usal.es\/en\/grabaciones\/\">Continued<\/a><\/p>\n","protected":false},"author":109,"featured_media":0,"parent":0,"menu_order":0,"comment_status":"closed","ping_status":"closed","template":"","meta":{"footnotes":""},"class_list":["post-127","page","type-page","status-publish","hentry"],"aioseo_notices":[],"_links":{"self":[{"href":"https:\/\/narreiv.usal.es\/en\/wp-json\/wp\/v2\/pages\/127","targetHints":{"allow":["GET"]}}],"collection":[{"href":"https:\/\/narreiv.usal.es\/en\/wp-json\/wp\/v2\/pages"}],"about":[{"href":"https:\/\/narreiv.usal.es\/en\/wp-json\/wp\/v2\/types\/page"}],"author":[{"embeddable":true,"href":"https:\/\/narreiv.usal.es\/en\/wp-json\/wp\/v2\/users\/109"}],"replies":[{"embeddable":true,"href":"https:\/\/narreiv.usal.es\/en\/wp-json\/wp\/v2\/comments?post=127"}],"version-history":[{"count":7,"href":"https:\/\/narreiv.usal.es\/en\/wp-json\/wp\/v2\/pages\/127\/revisions"}],"predecessor-version":[{"id":231,"href":"https:\/\/narreiv.usal.es\/en\/wp-json\/wp\/v2\/pages\/127\/revisions\/231"}],"wp:attachment":[{"href":"https:\/\/narreiv.usal.es\/en\/wp-json\/wp\/v2\/media?parent=127"}],"curies":[{"name":"wp","href":"https:\/\/api.w.org\/{rel}","templated":true}]}}